{"id":16,"date":"2026-01-06T16:07:23","date_gmt":"2026-01-06T16:07:23","guid":{"rendered":"https:\/\/brasilquiz.com\/ajudadobem\/?page_id=16"},"modified":"2026-01-06T16:07:24","modified_gmt":"2026-01-06T16:07:24","slug":"contato","status":"publish","type":"page","link":"https:\/\/brasilquiz.com\/ajudadobem\/contato\/","title":{"rendered":"Contato"},"content":{"rendered":"\n<p>Voc\u00ea tem alguma d\u00favida, sugest\u00e3o ou deseja colaborar com as nossas causas? N\u00f3s queremos ouvir a sua voz! No <strong>Ajuda do Bem<\/strong>, valorizamos a proximidade com a nossa comunidade e acreditamos que o di\u00e1logo constante fortalece o nosso impacto social.<\/p>\n\n\n\n<h3 class=\"wp-block-heading\">Como falar conosco<\/h3>\n\n\n\n<p>Para facilitar a sua comunica\u00e7\u00e3o, disponibilizamos um canal direto de atendimento. Portanto, se voc\u00ea deseja propor uma nova campanha ou enviar um feedback sobre nossas a\u00e7\u00f5es, basta escrever para o nosso endere\u00e7o oficial. Nossa equipe analisa cada mensagem com aten\u00e7\u00e3o e prioridade, pois a sua participa\u00e7\u00e3o impulsiona o nosso crescimento.<\/p>\n\n\n\n<h3 class=\"wp-block-heading\">Envie um E-mail<\/h3>\n\n\n\n<p>Dessa forma, utilize o endere\u00e7o abaixo para iniciar uma conversa conosco:<\/p>\n\n\n\n<ul class=\"wp-block-list\">\n<li><strong>E-mail:<\/strong> <a href=\"mailto:contato@ajudadobem.com\" target=\"_blank\" rel=\"noreferrer noopener\">contato@ajudadobem.com<\/a><\/li>\n<\/ul>\n","protected":false},"excerpt":{"rendered":"<p>Voc\u00ea tem alguma d\u00favida, sugest\u00e3o ou deseja colaborar com as nossas causas? N\u00f3s queremos ouvir a sua voz! No Ajuda do Bem, valorizamos a proximidade com a nossa comunidade e acreditamos que o di\u00e1logo constante fortalece o nosso impacto social. Como falar conosco Para facilitar a sua comunica\u00e7\u00e3o, disponibilizamos um canal direto de atendimento. Portanto, [&hellip;]<\/p>\n","protected":false},"author":1,"featured_media":0,"parent":0,"menu_order":0,"comment_status":"closed","ping_status":"closed","template":"","meta":{"footnotes":""},"class_list":["post-16","page","type-page","status-publish","hentry"],"blocksy_meta":[],"yoast_head":"<!-- This site is optimized with the Yoast SEO plugin v26.6 - https:\/\/yoast.com\/wordpress\/plugins\/seo\/ -->\n<title>Contato - Ajuda do bem<\/title>\n<meta name=\"robots\" content=\"index, follow, max-snippet:-1, max-image-preview:large, max-video-preview:-1\" \/>\n<link rel=\"canonical\" href=\"https:\/\/brasilquiz.com\/ajudadobem\/contato\/\" \/>\n<meta property=\"og:locale\" content=\"pt_BR\" \/>\n<meta property=\"og:type\" content=\"article\" \/>\n<meta property=\"og:title\" content=\"Contato - Ajuda do bem\" \/>\n<meta property=\"og:description\" content=\"Voc\u00ea tem alguma d\u00favida, sugest\u00e3o ou deseja colaborar com as nossas causas? N\u00f3s queremos ouvir a sua voz! No Ajuda do Bem, valorizamos a proximidade com a nossa comunidade e acreditamos que o di\u00e1logo constante fortalece o nosso impacto social. Como falar conosco Para facilitar a sua comunica\u00e7\u00e3o, disponibilizamos um canal direto de atendimento. Portanto, [&hellip;]\" \/>\n<meta property=\"og:url\" content=\"https:\/\/brasilquiz.com\/ajudadobem\/contato\/\" \/>\n<meta property=\"og:site_name\" content=\"Ajuda do bem\" \/>\n<meta property=\"article:modified_time\" content=\"2026-01-06T16:07:24+00:00\" \/>\n<meta name=\"twitter:card\" content=\"summary_large_image\" \/>\n<meta name=\"twitter:label1\" content=\"Est. tempo de leitura\" \/>\n\t<meta name=\"twitter:data1\" content=\"1 minuto\" \/>\n<script type=\"application\/ld+json\" class=\"yoast-schema-graph\">{\"@context\":\"https:\/\/schema.org\",\"@graph\":[{\"@type\":\"WebPage\",\"@id\":\"https:\/\/brasilquiz.com\/ajudadobem\/contato\/\",\"url\":\"https:\/\/brasilquiz.com\/ajudadobem\/contato\/\",\"name\":\"Contato - Ajuda do bem\",\"isPartOf\":{\"@id\":\"https:\/\/brasilquiz.com\/ajudadobem\/#website\"},\"datePublished\":\"2026-01-06T16:07:23+00:00\",\"dateModified\":\"2026-01-06T16:07:24+00:00\",\"breadcrumb\":{\"@id\":\"https:\/\/brasilquiz.com\/ajudadobem\/contato\/#breadcrumb\"},\"inLanguage\":\"pt-BR\",\"potentialAction\":[{\"@type\":\"ReadAction\",\"target\":[\"https:\/\/brasilquiz.com\/ajudadobem\/contato\/\"]}]},{\"@type\":\"BreadcrumbList\",\"@id\":\"https:\/\/brasilquiz.com\/ajudadobem\/contato\/#breadcrumb\",\"itemListElement\":[{\"@type\":\"ListItem\",\"position\":1,\"name\":\"In\u00edcio\",\"item\":\"https:\/\/brasilquiz.com\/ajudadobem\/\"},{\"@type\":\"ListItem\",\"position\":2,\"name\":\"Contato\"}]},{\"@type\":\"WebSite\",\"@id\":\"https:\/\/brasilquiz.com\/ajudadobem\/#website\",\"url\":\"https:\/\/brasilquiz.com\/ajudadobem\/\",\"name\":\"Ajuda do bem\",\"description\":\"\",\"publisher\":{\"@id\":\"https:\/\/brasilquiz.com\/ajudadobem\/#organization\"},\"potentialAction\":[{\"@type\":\"SearchAction\",\"target\":{\"@type\":\"EntryPoint\",\"urlTemplate\":\"https:\/\/brasilquiz.com\/ajudadobem\/?s={search_term_string}\"},\"query-input\":{\"@type\":\"PropertyValueSpecification\",\"valueRequired\":true,\"valueName\":\"search_term_string\"}}],\"inLanguage\":\"pt-BR\"},{\"@type\":\"Organization\",\"@id\":\"https:\/\/brasilquiz.com\/ajudadobem\/#organization\",\"name\":\"Ajuda do bem\",\"url\":\"https:\/\/brasilquiz.com\/ajudadobem\/\",\"logo\":{\"@type\":\"ImageObject\",\"inLanguage\":\"pt-BR\",\"@id\":\"https:\/\/brasilquiz.com\/ajudadobem\/#\/schema\/logo\/image\/\",\"url\":\"https:\/\/brasilquiz.com\/ajudadobem\/wp-content\/uploads\/2026\/01\/Logotipo-Color-Transparent.png\",\"contentUrl\":\"https:\/\/brasilquiz.com\/ajudadobem\/wp-content\/uploads\/2026\/01\/Logotipo-Color-Transparent.png\",\"width\":1080,\"height\":1080,\"caption\":\"Ajuda do bem\"},\"image\":{\"@id\":\"https:\/\/brasilquiz.com\/ajudadobem\/#\/schema\/logo\/image\/\"}}]}<\/script>\n<!-- \/ Yoast SEO plugin. -->","yoast_head_json":{"title":"Contato - Ajuda do bem","robots":{"index":"index","follow":"follow","max-snippet":"max-snippet:-1","max-image-preview":"max-image-preview:large","max-video-preview":"max-video-preview:-1"},"canonical":"https:\/\/brasilquiz.com\/ajudadobem\/contato\/","og_locale":"pt_BR","og_type":"article","og_title":"Contato - Ajuda do bem","og_description":"Voc\u00ea tem alguma d\u00favida, sugest\u00e3o ou deseja colaborar com as nossas causas? N\u00f3s queremos ouvir a sua voz! No Ajuda do Bem, valorizamos a proximidade com a nossa comunidade e acreditamos que o di\u00e1logo constante fortalece o nosso impacto social. Como falar conosco Para facilitar a sua comunica\u00e7\u00e3o, disponibilizamos um canal direto de atendimento. Portanto, [&hellip;]","og_url":"https:\/\/brasilquiz.com\/ajudadobem\/contato\/","og_site_name":"Ajuda do bem","article_modified_time":"2026-01-06T16:07:24+00:00","twitter_card":"summary_large_image","twitter_misc":{"Est. tempo de leitura":"1 minuto"},"schema":{"@context":"https:\/\/schema.org","@graph":[{"@type":"WebPage","@id":"https:\/\/brasilquiz.com\/ajudadobem\/contato\/","url":"https:\/\/brasilquiz.com\/ajudadobem\/contato\/","name":"Contato - Ajuda do bem","isPartOf":{"@id":"https:\/\/brasilquiz.com\/ajudadobem\/#website"},"datePublished":"2026-01-06T16:07:23+00:00","dateModified":"2026-01-06T16:07:24+00:00","breadcrumb":{"@id":"https:\/\/brasilquiz.com\/ajudadobem\/contato\/#breadcrumb"},"inLanguage":"pt-BR","potentialAction":[{"@type":"ReadAction","target":["https:\/\/brasilquiz.com\/ajudadobem\/contato\/"]}]},{"@type":"BreadcrumbList","@id":"https:\/\/brasilquiz.com\/ajudadobem\/contato\/#breadcrumb","itemListElement":[{"@type":"ListItem","position":1,"name":"In\u00edcio","item":"https:\/\/brasilquiz.com\/ajudadobem\/"},{"@type":"ListItem","position":2,"name":"Contato"}]},{"@type":"WebSite","@id":"https:\/\/brasilquiz.com\/ajudadobem\/#website","url":"https:\/\/brasilquiz.com\/ajudadobem\/","name":"Ajuda do bem","description":"","publisher":{"@id":"https:\/\/brasilquiz.com\/ajudadobem\/#organization"},"potentialAction":[{"@type":"SearchAction","target":{"@type":"EntryPoint","urlTemplate":"https:\/\/brasilquiz.com\/ajudadobem\/?s={search_term_string}"},"query-input":{"@type":"PropertyValueSpecification","valueRequired":true,"valueName":"search_term_string"}}],"inLanguage":"pt-BR"},{"@type":"Organization","@id":"https:\/\/brasilquiz.com\/ajudadobem\/#organization","name":"Ajuda do bem","url":"https:\/\/brasilquiz.com\/ajudadobem\/","logo":{"@type":"ImageObject","inLanguage":"pt-BR","@id":"https:\/\/brasilquiz.com\/ajudadobem\/#\/schema\/logo\/image\/","url":"https:\/\/brasilquiz.com\/ajudadobem\/wp-content\/uploads\/2026\/01\/Logotipo-Color-Transparent.png","contentUrl":"https:\/\/brasilquiz.com\/ajudadobem\/wp-content\/uploads\/2026\/01\/Logotipo-Color-Transparent.png","width":1080,"height":1080,"caption":"Ajuda do bem"},"image":{"@id":"https:\/\/brasilquiz.com\/ajudadobem\/#\/schema\/logo\/image\/"}}]}},"_links":{"self":[{"href":"https:\/\/brasilquiz.com\/ajudadobem\/wp-json\/wp\/v2\/pages\/16","targetHints":{"allow":["GET"]}}],"collection":[{"href":"https:\/\/brasilquiz.com\/ajudadobem\/wp-json\/wp\/v2\/pages"}],"about":[{"href":"https:\/\/brasilquiz.com\/ajudadobem\/wp-json\/wp\/v2\/types\/page"}],"author":[{"embeddable":true,"href":"https:\/\/brasilquiz.com\/ajudadobem\/wp-json\/wp\/v2\/users\/1"}],"replies":[{"embeddable":true,"href":"https:\/\/brasilquiz.com\/ajudadobem\/wp-json\/wp\/v2\/comments?post=16"}],"version-history":[{"count":1,"href":"https:\/\/brasilquiz.com\/ajudadobem\/wp-json\/wp\/v2\/pages\/16\/revisions"}],"predecessor-version":[{"id":17,"href":"https:\/\/brasilquiz.com\/ajudadobem\/wp-json\/wp\/v2\/pages\/16\/revisions\/17"}],"wp:attachment":[{"href":"https:\/\/brasilquiz.com\/ajudadobem\/wp-json\/wp\/v2\/media?parent=16"}],"curies":[{"name":"wp","href":"https:\/\/api.w.org\/{rel}","templated":true}]}}