{"id":12,"date":"2026-01-06T14:46:38","date_gmt":"2026-01-06T14:46:38","guid":{"rendered":"https:\/\/brasilquiz.com\/ajudadobem\/?page_id=12"},"modified":"2026-01-06T14:46:39","modified_gmt":"2026-01-06T14:46:39","slug":"termos-de-uso","status":"publish","type":"page","link":"https:\/\/brasilquiz.com\/ajudadobem\/termos-de-uso\/","title":{"rendered":"TERMOS DE USO"},"content":{"rendered":"\n<p>Na qualidade de participante do sorteio organizado pela empresa CIFRA ADS LTDA, o usu\u00e1rio deve necessariamente concordar com os presentes termos.<\/p>\n\n\n\n<p>O presente poder\u00e1 ser alterado a qualquer momento, sendo que, em tal oportunidade poder\u00e1 ser publicada. A continuidade do acesso ou uso dos servi\u00e7os ap\u00f3s a altera\u00e7\u00e3o dos termos de uso ser\u00e1 considerado como aceita\u00e7\u00e3o dos Termos ajustados. A \u00faltima data de revis\u00e3o constar\u00e1 destes termos constar\u00e3o em sua parte final.<\/p>\n\n\n\n<p>SUM\u00c1RIO<\/p>\n\n\n\n<p>Para interpreta\u00e7\u00e3o dos termos, \u00e9 necess\u00e1rio que o usu\u00e1rio confira as seguintes interpreta\u00e7\u00f5es aos termos utilizados:<\/p>\n\n\n\n<p>a. \u201cOrganizadores\u201d possuem acesso administrativo e s\u00e3o respons\u00e1veis pela organiza\u00e7\u00e3o relacionada ao sorteio;<br>b. \u201cCampanhas\u201d s\u00e3o as a\u00e7\u00f5es ou projetos realizados no site https:\/\/brasilquiz.com\/, para que usu\u00e1rios interessados participem e concorram a pr\u00eamios;<br>c. \u201cUsu\u00e1rio\u201d s\u00e3o todos aqueles que utilizam o site e participam das campanhas divulgadas pelo s\u00edtio eletr\u00f4nico https:\/\/brasilquiz.com\/, seja como Colaborador, seja como Visitante.<br>d. \u201cConte\u00fado\u201d refere-se ao material que for inclu\u00eddo ou disponibilizado por qualquer dos servi\u00e7os da divulgados pela https:\/\/brasilquiz.com\/, citamos a t\u00edtulo de exemplo: (designs, know-how, software, tecnologia, materiais, textos, artigos, comunicados, fotos, imagens, cr\u00edticas, ideias).<\/p>\n\n\n\n<p>As eventuais d\u00favidas acerca da interpreta\u00e7\u00e3o destes \u201cTERMOS DE USO\u201d ou dos termos utilizados dever\u00e3o necessariamente ser enviadas ao \u201cFale Conosco\u201d. Para a utiliza\u00e7\u00e3o do site e participa\u00e7\u00e3o em eventuais campanhas, o USU\u00c1RIO concorda declara:<\/p>\n\n\n\n<p>1) Estar de acordo com as regras estipuladas ao \u201csorteio\u201d ou \u201ccampanha\u201d;<br>2) Ter lido e estar de acordo com a \u201cPol\u00edtica de privacidade\u201d, complementar a interpreta\u00e7\u00e3o dos \u201cTermos de uso\u201d ora dispostos;<br>3) Ter conhecimento de que a participa\u00e7\u00e3o dos \u201csorteios\u201d gratuitos depender\u00e3o necessariamente do aceite obrigat\u00f3rio de todas as cl\u00e1usulas dos \u201cTERMOS DE USO\u201d;<\/p>\n\n\n\n<p>REGULAMENTO DO SORTEIO<\/p>\n\n\n\n<p>Os pr\u00eamios s\u00e3o variados e distribu\u00eddos atrav\u00e9s de sorteio aos inscritos nas Campanhas organizadas e divulgadas no s\u00edtio eletr\u00f4nico: https:\/\/brasilquiz.com\/.<\/p>\n\n\n\n<p>1.1 Os usu\u00e1rios, pessoas f\u00edsicas, que efetuarem o cadastro para participa\u00e7\u00e3o da campanha atrav\u00e9s do cadastro (https:\/\/brasilquiz.com\/).<br>1.2 Poder\u00e1 concorrer ao sorteio vinculado qualquer participante ou usu\u00e1rio inscrito que preencha os requisitos legais, sendo terminantemente proibida a participa\u00e7\u00e3o de:<\/p>\n\n\n\n<p>a) Menores de 18 (dezoito) anos;<br>b) Pessoas interditadas ou que tenham sido diagnosticadas com doen\u00e7as relacionadas ao v\u00edcio por jogo;<br>c) Pessoas contratadas para realizar a divulga\u00e7\u00e3o do sorteio ou campanha, bem como seus eventuais familiares, em linha reta ou colateral, at\u00e9 terceiro grau;<br>d) Membros da diretoria da organizadora e seus respectivos parentes, em linha reta ou colateral, at\u00e9 terceiro grau;<br>e) Pessoas politicamente expostas (PPE) e seus familiares at\u00e9 segundo grau.<\/p>\n\n\n\n<p>1.3 O Participante ou usu\u00e1rio que violar os termos deste regulamento ou praticar conduta considerada como fraude sofrer\u00e1: exclus\u00e3o autom\u00e1tica do sorteio e ser\u00e1 exclu\u00eddo definitivamente do site e impedido de participar de novas campanhas divulgadas no site: https:\/\/brasilquiz.com\/, sendo que, poder\u00e1 ainda, ser responsabilizado criminal ou civilmente pelas pr\u00e1ticas adotadas. Consideram-se condutas vedadas, por exemplo:<\/p>\n\n\n\n<p>1.3.1 Uso de perfil criado com a atribui\u00e7\u00e3o de informa\u00e7\u00f5es falsas, imprecisas, parciais ou incompletas e a participa\u00e7\u00e3o de organizador ou influencer que colaborou com a divulga\u00e7\u00e3o na pr\u00f3pria a\u00e7\u00e3o;<\/p>\n\n\n\n<p>1.3.2 Uso de de meios fraudulentos para influenciar os resultados dos sorteios;<\/p>\n\n\n\n<p>1.3.3 Uso de bots utilizados para fraudar o preenchimento de credenciais ou outros requisitos para participa\u00e7\u00e3o no sorteio;<\/p>\n\n\n\n<p>1.3.4 Manipula\u00e7\u00e3o de dados no sistema por meios tecnol\u00f3gicos ou ind\u00edcios de sua utiliza\u00e7\u00e3o, tal como, mas n\u00e3o se limitando ao exemplo da cl\u00e1usula 1.3.3, sejam eles quais forem.<br>1.4 Os cadastros fornecidos em viola\u00e7\u00e3o a cl\u00e1usula 1.3.1, que impossibilitem a promotora de realizar a entrega do pr\u00eamio, ensejar\u00e3o a desclassifica\u00e7\u00e3o do usu\u00e1rio sorteado. Neste caso, a crit\u00e9rio da organizadora, poder\u00e1 ser realizada uma nova extra\u00e7\u00e3o, a fim de contemplar outro usu\u00e1rio.<\/p>\n\n\n\n<p>1.5 Os sorteios ser\u00e3o realizados nas datas previamente divulgadas no site: https:\/\/brasilquiz.com\/.<br>1.6 As transmiss\u00f5es do sorteio ser\u00e3o realizadas sempre ao vivo, atrav\u00e9s dos canais que ser\u00e3o divulgados previamente no site: https:\/\/brasilquiz.com\/<br>1.7 N\u00e3o h\u00e1 possibilidade de cumula\u00e7\u00e3o do pr\u00eamio, sendo que apenas concorrer\u00e3o a este os usu\u00e1rios regularmente inscritos. A irregularidade no processo de inscri\u00e7\u00e3o ou eventual v\u00edcio que macule o \u201csorteio\u201d ou coloque em d\u00favida o processo de transpar\u00eancia e lisura poder\u00e1, independente do contradit\u00f3rio ou ampla defesa, acarretar na suspens\u00e3o da entrega do pr\u00eamio considerando a pr\u00e1tica e extens\u00e3o da viola\u00e7\u00e3o.<\/p>\n\n\n\n<p>1.8 Os pr\u00eamios ser\u00e3o entregues em observ\u00e2ncia ao que foi divulgado na campanha em exata quantidade e observ\u00e2ncia a sua descri\u00e7\u00e3o.<\/p>\n\n\n\n<p>1.8.1 O Usu\u00e1rio compreende que as imagem divulgadas no s\u00edtio eletr\u00f4nico s\u00e3o meramente \u201cilustrativas\u201d, sendo que a entrega ser\u00e1 feita em exatos termos do que foi descrito. A divulga\u00e7\u00e3o de imagens contendo \u201cmarca ou modelo\u201d de eventual produto n\u00e3o necessariamente significa que o pr\u00eamio ser\u00e1 entregue com a observ\u00e2ncia a tal crit\u00e9rio;<\/p>\n\n\n\n<p>1.9 As premia\u00e7\u00f5es, dever\u00e3o ser entregues em at\u00e9 60 (sessenta) dias ap\u00f3s a data do sorteio, sem qualquer \u00f4nus aos usu\u00e1rios sorteados, ficando estipulado como limite m\u00e1ximo o prazo de 120 (cento e vinte) dias para a reivindica\u00e7\u00e3o do pr\u00eamio, sob pena de ser interpretada a aus\u00eancia do usu\u00e1rio como desinteresse pelo item sorteado. O desinteresse pelos bens sorteados poder\u00e3o acarretar em novo sorteio a ser realizado para os usu\u00e1rios com o sorteio do item n\u00e3o reivindicado.<br>1.10 Al\u00e9m das hip\u00f3teses desclassificat\u00f3rias previstas neste regulamento, ap\u00f3s transcurso do per\u00edodo, sem a reclama\u00e7\u00e3o do usu\u00e1rio sorteado, poder\u00e1 a organizadora, a seu crit\u00e9rio: a) Realizar novo sorteio conforme hip\u00f3tese do item 1.9; b) entregar o pr\u00eamio a entidades ou ONGS que desenvolvem atividades de prote\u00e7\u00e3o no munic\u00edpio do Maranh\u00e3o.<br>1.11 Poder\u00e1 a Organizadora, a seu exclusivo crit\u00e9rio, n\u00e3o efetuar a entrega de pr\u00eamios se constatada a fraude em mecanismos de contagem de acesso ao site https:\/\/brasilquiz.com\/<\/p>\n\n\n\n<p>1.12 Caso o usu\u00e1rio seja sorteado, autoriza, desde a sua inscri\u00e7\u00e3o no sorteio, que a empresa organizadora veicule sua imagem e voz nas redes sociais e demais canais de comunica\u00e7\u00e3o oficiais por at\u00e9 01 (um) ano, sendo a data do sorteio o marco inicial, com a finalidade \u00fanica e exclusiva de promover as campanhas divulgadas pela https:\/\/brasilquiz.com\/ e de demonstrar o atendimento ao processo de transpar\u00eancia e \u00e9tica que s\u00e3o observados necessariamente pelo site.<\/p>\n\n\n\n<p>1.13 Os pr\u00eamios f\u00edsicos dever\u00e3o ser retirados na sede da CIFRA ADS LTDA, citamos \u00e0 Rua Olaria 2, S\u00e3o Sebasti\u00e3o, Timbiras, Maranh\u00e3o, CEP: 05420-000 \u2013 Estado do Maranh\u00e3o, sem qualquer \u00f4nus para o participante contemplado;<br>1.14 Ao participar do sorteio, o usu\u00e1rio fica ciente da obrigatoriedade do armazenamento dos seus dados pelo per\u00edodo m\u00ednimo de 05 (cinco) anos, com o objetivo de atender eventuais solicita\u00e7\u00f5es de \u00f3rg\u00e3os competentes, conforme previsto tamb\u00e9m na pol\u00edtica de privacidade divulgada pelo programa.<br>1.15 Este regulamento poder\u00e1 ser alterado a crit\u00e9rio dos organizadores da campanha e administradores do site https:\/\/brasilquiz.com\/, sendo que eventual altera\u00e7\u00e3o ou adi\u00e7\u00e3o dever\u00e1 ser comunicada aos participantes j\u00e1 inscritos atrav\u00e9s do site oficial, eventuais redes sociais ou atrav\u00e9s do e-mail fornecido pelo usu\u00e1rio;<\/p>\n\n\n\n<p>1.16 Em observ\u00e2ncia a normas e regras de transpar\u00eancia, a equipe da organizadora estabelece que as eventuais suspens\u00f5es da entrega de pr\u00eamios e eventuais exclus\u00f5es das contas de usu\u00e1rios participantes ser\u00e3o comunicadas com a divulga\u00e7\u00e3o dos motivos pelos quais ocorreu a tomada da decis\u00e3o.<br>1.16.1 O processo de transpar\u00eancia a que se refere a cl\u00e1usula 1.16 n\u00e3o necessariamente dever\u00e1 observar o contradit\u00f3rio, considerando que a apura\u00e7\u00e3o relacionada a fraude no sorteio e uso indevido de \u201cbots\u201d para participa\u00e7\u00e3o em sorteios poder\u00e3o ser apurados com os desenvolvedores do site https:\/\/brasilquiz.com\/.<\/p>\n\n\n\n<p>1.17 \u00c9 proibida, dentro do ambiente do site ou fora deste, a pr\u00e1tica de atitudes que comprometam direta ou indiretamente a imagem do site ou seus organizadores e equipe de divulga\u00e7\u00e3o e demais usu\u00e1rios, sendo que a pr\u00e1tica de referidos atos ser\u00e3o de responsabilidade do eventual violador. Caso a pr\u00e1tica do usu\u00e1rio violador ocasione ou acarrete direta ou indiretamente a publicidade negativa e por consequ\u00eancia, prejudique a imagem do site organizador, poder\u00e1 o organizador, a seu crit\u00e9rio, decidir pela suspens\u00e3o ou exclus\u00e3o definitiva do usu\u00e1rio. As penas aplicadas n\u00e3o se confundem com a eventual repara\u00e7\u00e3o a preju\u00edzos financeiros que a organizadora venha a suportar, tais valores poder\u00e3o ser objeto de demandas judiciais necess\u00e1rias para alcan\u00e7ar repara\u00e7\u00f5es de t\u00edtulo moral e material.<\/p>\n\n\n\n<p>1.18 Dos direitos autorais<br>O presente Termo de Uso concede aos USU\u00c1RIO uma licen\u00e7a n\u00e3o exclusiva, n\u00e3o transfer\u00edvel e n\u00e3o sublicenci\u00e1vel, para interagir com a o site. A estrutura do site ou aplicativo, as marcas, logotipos, nomes comerciais, layouts, gr\u00e1ficos e design de interface, imagens, ilustra\u00e7\u00f5es, fotografias, apresenta\u00e7\u00f5es, v\u00eddeos, conte\u00fados escritos e de som e \u00e1udio, programas de computador, banco de dados, ebooks, arquivos de transmiss\u00e3o e quaisquer outras informa\u00e7\u00f5es.<\/p>\n\n\n\n<p>O material produzido, \u00e9 de exclusiva propriedade de seu criador, ou seja, os artigos, textos e cursos divulgados pertencem a CIFRA ADS LTDA, observados os termos da Lei da Propriedade Industrial (Lei n\u00ba 9.279\/96), Lei de Direitos Autorais (Lei n\u00ba 9.610\/98) e Lei do Software (Lei n\u00ba 9.609\/98), estando devidamente reservados e\/ou registrados.<\/p>\n\n\n\n<p>Este Termos de Uso n\u00e3o cede ou transfere ao usu\u00e1rio qualquer direito, de modo que o acesso n\u00e3o gera qualquer direito de propriedade intelectual ao usu\u00e1rio, exceto pela licen\u00e7a limitada ora concedida para acesso ao material e intera\u00e7\u00e3o com o s\u00edtio eletr\u00f4nico.<\/p>\n\n\n\n<p>O uso do s\u00edtio eletr\u00f4nico pelo usu\u00e1rio \u00e9 pessoal, individual e intransfer\u00edvel, sendo vedado qualquer uso n\u00e3o autorizado, comercial ou n\u00e3o-comercial. Tais usos consistir\u00e3o em viola\u00e7\u00e3o dos direitos de propriedade intelectual\/industrial e autoral da empresa CIFRA ADS LTDA, pun\u00edveis nos termos da legisla\u00e7\u00e3o aplic\u00e1vel, em especial c\u00edvel e criminal.<\/p>\n\n\n\n<p>1.19 A n\u00e3o observ\u00e2ncia das obriga\u00e7\u00f5es pactuadas neste Termo de Uso ou da legisla\u00e7\u00e3o aplic\u00e1vel poder\u00e1, sem pr\u00e9vio aviso, ensejar a imediata responsabiliza\u00e7\u00e3o pela viola\u00e7\u00e3o do usu\u00e1rio.<\/p>\n\n\n\n<p>1.20 As d\u00favidas e controv\u00e9rsias oriundas das campanhas divulgadas dever\u00e3o necessariamente ser dirimidas pela organizadora ap\u00f3s contato que deve ser feito atrav\u00e9s do \u201cFale conosco!\u201d no site https:\/\/brasilquiz.com\/<\/p>\n\n\n\n<p>1.21 Elege-se o foro da comarca S\u00e3o Paulo\/SP, para solu\u00e7\u00e3o de quaisquer d\u00favidas relacionadas aos \u201cTermos de Uso\u201d ora previstos.<\/p>\n\n\n\n<p>As partes concordam com todas as cl\u00e1usulas aqui previstas, assim como com pol\u00edtica de privacidade e demais termos relacionados e necess\u00e1rios para acesso ao s\u00edtio eletr\u00f4nico do organizador.<\/p>\n","protected":false},"excerpt":{"rendered":"<p>Na qualidade de participante do sorteio organizado pela empresa CIFRA ADS LTDA, o usu\u00e1rio deve necessariamente concordar com os presentes termos. O presente poder\u00e1 ser alterado a qualquer momento, sendo que, em tal oportunidade poder\u00e1 ser publicada. A continuidade do acesso ou uso dos servi\u00e7os ap\u00f3s a altera\u00e7\u00e3o dos termos de uso ser\u00e1 considerado como [&hellip;]<\/p>\n","protected":false},"author":1,"featured_media":0,"parent":0,"menu_order":0,"comment_status":"closed","ping_status":"closed","template":"","meta":{"footnotes":""},"class_list":["post-12","page","type-page","status-publish","hentry"],"blocksy_meta":[],"yoast_head":"<!-- This site is optimized with the Yoast SEO plugin v26.6 - https:\/\/yoast.com\/wordpress\/plugins\/seo\/ -->\n<title>TERMOS DE USO - Ajuda do bem<\/title>\n<meta name=\"robots\" content=\"index, follow, max-snippet:-1, max-image-preview:large, max-video-preview:-1\" \/>\n<link rel=\"canonical\" href=\"https:\/\/brasilquiz.com\/ajudadobem\/termos-de-uso\/\" \/>\n<meta property=\"og:locale\" content=\"pt_BR\" \/>\n<meta property=\"og:type\" content=\"article\" \/>\n<meta property=\"og:title\" content=\"TERMOS DE USO - Ajuda do bem\" \/>\n<meta property=\"og:description\" content=\"Na qualidade de participante do sorteio organizado pela empresa CIFRA ADS LTDA, o usu\u00e1rio deve necessariamente concordar com os presentes termos. O presente poder\u00e1 ser alterado a qualquer momento, sendo que, em tal oportunidade poder\u00e1 ser publicada. A continuidade do acesso ou uso dos servi\u00e7os ap\u00f3s a altera\u00e7\u00e3o dos termos de uso ser\u00e1 considerado como [&hellip;]\" \/>\n<meta property=\"og:url\" content=\"https:\/\/brasilquiz.com\/ajudadobem\/termos-de-uso\/\" \/>\n<meta property=\"og:site_name\" content=\"Ajuda do bem\" \/>\n<meta property=\"article:modified_time\" content=\"2026-01-06T14:46:39+00:00\" \/>\n<meta name=\"twitter:card\" content=\"summary_large_image\" \/>\n<meta name=\"twitter:label1\" content=\"Est. tempo de leitura\" \/>\n\t<meta name=\"twitter:data1\" content=\"10 minutos\" \/>\n<script type=\"application\/ld+json\" class=\"yoast-schema-graph\">{\"@context\":\"https:\/\/schema.org\",\"@graph\":[{\"@type\":\"WebPage\",\"@id\":\"https:\/\/brasilquiz.com\/ajudadobem\/termos-de-uso\/\",\"url\":\"https:\/\/brasilquiz.com\/ajudadobem\/termos-de-uso\/\",\"name\":\"TERMOS DE USO - Ajuda do bem\",\"isPartOf\":{\"@id\":\"https:\/\/brasilquiz.com\/ajudadobem\/#website\"},\"datePublished\":\"2026-01-06T14:46:38+00:00\",\"dateModified\":\"2026-01-06T14:46:39+00:00\",\"breadcrumb\":{\"@id\":\"https:\/\/brasilquiz.com\/ajudadobem\/termos-de-uso\/#breadcrumb\"},\"inLanguage\":\"pt-BR\",\"potentialAction\":[{\"@type\":\"ReadAction\",\"target\":[\"https:\/\/brasilquiz.com\/ajudadobem\/termos-de-uso\/\"]}]},{\"@type\":\"BreadcrumbList\",\"@id\":\"https:\/\/brasilquiz.com\/ajudadobem\/termos-de-uso\/#breadcrumb\",\"itemListElement\":[{\"@type\":\"ListItem\",\"position\":1,\"name\":\"In\u00edcio\",\"item\":\"https:\/\/brasilquiz.com\/ajudadobem\/\"},{\"@type\":\"ListItem\",\"position\":2,\"name\":\"TERMOS DE USO\"}]},{\"@type\":\"WebSite\",\"@id\":\"https:\/\/brasilquiz.com\/ajudadobem\/#website\",\"url\":\"https:\/\/brasilquiz.com\/ajudadobem\/\",\"name\":\"Ajuda do bem\",\"description\":\"\",\"publisher\":{\"@id\":\"https:\/\/brasilquiz.com\/ajudadobem\/#organization\"},\"potentialAction\":[{\"@type\":\"SearchAction\",\"target\":{\"@type\":\"EntryPoint\",\"urlTemplate\":\"https:\/\/brasilquiz.com\/ajudadobem\/?s={search_term_string}\"},\"query-input\":{\"@type\":\"PropertyValueSpecification\",\"valueRequired\":true,\"valueName\":\"search_term_string\"}}],\"inLanguage\":\"pt-BR\"},{\"@type\":\"Organization\",\"@id\":\"https:\/\/brasilquiz.com\/ajudadobem\/#organization\",\"name\":\"Ajuda do bem\",\"url\":\"https:\/\/brasilquiz.com\/ajudadobem\/\",\"logo\":{\"@type\":\"ImageObject\",\"inLanguage\":\"pt-BR\",\"@id\":\"https:\/\/brasilquiz.com\/ajudadobem\/#\/schema\/logo\/image\/\",\"url\":\"https:\/\/brasilquiz.com\/ajudadobem\/wp-content\/uploads\/2026\/01\/Logotipo-Color-Transparent.png\",\"contentUrl\":\"https:\/\/brasilquiz.com\/ajudadobem\/wp-content\/uploads\/2026\/01\/Logotipo-Color-Transparent.png\",\"width\":1080,\"height\":1080,\"caption\":\"Ajuda do bem\"},\"image\":{\"@id\":\"https:\/\/brasilquiz.com\/ajudadobem\/#\/schema\/logo\/image\/\"}}]}<\/script>\n<!-- \/ Yoast SEO plugin. -->","yoast_head_json":{"title":"TERMOS DE USO - Ajuda do bem","robots":{"index":"index","follow":"follow","max-snippet":"max-snippet:-1","max-image-preview":"max-image-preview:large","max-video-preview":"max-video-preview:-1"},"canonical":"https:\/\/brasilquiz.com\/ajudadobem\/termos-de-uso\/","og_locale":"pt_BR","og_type":"article","og_title":"TERMOS DE USO - Ajuda do bem","og_description":"Na qualidade de participante do sorteio organizado pela empresa CIFRA ADS LTDA, o usu\u00e1rio deve necessariamente concordar com os presentes termos. O presente poder\u00e1 ser alterado a qualquer momento, sendo que, em tal oportunidade poder\u00e1 ser publicada. A continuidade do acesso ou uso dos servi\u00e7os ap\u00f3s a altera\u00e7\u00e3o dos termos de uso ser\u00e1 considerado como [&hellip;]","og_url":"https:\/\/brasilquiz.com\/ajudadobem\/termos-de-uso\/","og_site_name":"Ajuda do bem","article_modified_time":"2026-01-06T14:46:39+00:00","twitter_card":"summary_large_image","twitter_misc":{"Est. tempo de leitura":"10 minutos"},"schema":{"@context":"https:\/\/schema.org","@graph":[{"@type":"WebPage","@id":"https:\/\/brasilquiz.com\/ajudadobem\/termos-de-uso\/","url":"https:\/\/brasilquiz.com\/ajudadobem\/termos-de-uso\/","name":"TERMOS DE USO - Ajuda do bem","isPartOf":{"@id":"https:\/\/brasilquiz.com\/ajudadobem\/#website"},"datePublished":"2026-01-06T14:46:38+00:00","dateModified":"2026-01-06T14:46:39+00:00","breadcrumb":{"@id":"https:\/\/brasilquiz.com\/ajudadobem\/termos-de-uso\/#breadcrumb"},"inLanguage":"pt-BR","potentialAction":[{"@type":"ReadAction","target":["https:\/\/brasilquiz.com\/ajudadobem\/termos-de-uso\/"]}]},{"@type":"BreadcrumbList","@id":"https:\/\/brasilquiz.com\/ajudadobem\/termos-de-uso\/#breadcrumb","itemListElement":[{"@type":"ListItem","position":1,"name":"In\u00edcio","item":"https:\/\/brasilquiz.com\/ajudadobem\/"},{"@type":"ListItem","position":2,"name":"TERMOS DE USO"}]},{"@type":"WebSite","@id":"https:\/\/brasilquiz.com\/ajudadobem\/#website","url":"https:\/\/brasilquiz.com\/ajudadobem\/","name":"Ajuda do bem","description":"","publisher":{"@id":"https:\/\/brasilquiz.com\/ajudadobem\/#organization"},"potentialAction":[{"@type":"SearchAction","target":{"@type":"EntryPoint","urlTemplate":"https:\/\/brasilquiz.com\/ajudadobem\/?s={search_term_string}"},"query-input":{"@type":"PropertyValueSpecification","valueRequired":true,"valueName":"search_term_string"}}],"inLanguage":"pt-BR"},{"@type":"Organization","@id":"https:\/\/brasilquiz.com\/ajudadobem\/#organization","name":"Ajuda do bem","url":"https:\/\/brasilquiz.com\/ajudadobem\/","logo":{"@type":"ImageObject","inLanguage":"pt-BR","@id":"https:\/\/brasilquiz.com\/ajudadobem\/#\/schema\/logo\/image\/","url":"https:\/\/brasilquiz.com\/ajudadobem\/wp-content\/uploads\/2026\/01\/Logotipo-Color-Transparent.png","contentUrl":"https:\/\/brasilquiz.com\/ajudadobem\/wp-content\/uploads\/2026\/01\/Logotipo-Color-Transparent.png","width":1080,"height":1080,"caption":"Ajuda do bem"},"image":{"@id":"https:\/\/brasilquiz.com\/ajudadobem\/#\/schema\/logo\/image\/"}}]}},"_links":{"self":[{"href":"https:\/\/brasilquiz.com\/ajudadobem\/wp-json\/wp\/v2\/pages\/12","targetHints":{"allow":["GET"]}}],"collection":[{"href":"https:\/\/brasilquiz.com\/ajudadobem\/wp-json\/wp\/v2\/pages"}],"about":[{"href":"https:\/\/brasilquiz.com\/ajudadobem\/wp-json\/wp\/v2\/types\/page"}],"author":[{"embeddable":true,"href":"https:\/\/brasilquiz.com\/ajudadobem\/wp-json\/wp\/v2\/users\/1"}],"replies":[{"embeddable":true,"href":"https:\/\/brasilquiz.com\/ajudadobem\/wp-json\/wp\/v2\/comments?post=12"}],"version-history":[{"count":1,"href":"https:\/\/brasilquiz.com\/ajudadobem\/wp-json\/wp\/v2\/pages\/12\/revisions"}],"predecessor-version":[{"id":13,"href":"https:\/\/brasilquiz.com\/ajudadobem\/wp-json\/wp\/v2\/pages\/12\/revisions\/13"}],"wp:attachment":[{"href":"https:\/\/brasilquiz.com\/ajudadobem\/wp-json\/wp\/v2\/media?parent=12"}],"curies":[{"name":"wp","href":"https:\/\/api.w.org\/{rel}","templated":true}]}}